{"id":766,"date":"2023-05-16T16:35:53","date_gmt":"2023-05-16T15:35:53","guid":{"rendered":"http:\/\/primaveramagica.pt\/?page_id=766"},"modified":"2023-09-07T12:06:03","modified_gmt":"2023-09-07T11:06:03","slug":"coaching-media-training-public-speaking","status":"publish","type":"page","link":"https:\/\/primaveramagica.pt\/en\/servicos\/coaching-media-training-public-speaking\/","title":{"rendered":"Media Training"},"content":{"rendered":"<p><strong>WE TRAIN OUR CLIENTS<\/strong><br>We provide ongoing support to our clients by offering them personal growth plans, through which they can develop specific soft skills and enhance their public communication techniques.<\/p>\n\n\n\n<p><strong>WHAT WE DO<\/strong><br>&gt; Support in preparing interviews, presentations, speeches, and national\/international events;<br><br>&gt; Defini\u00e7\u00e3o de planos de desenvolvimento pessoal, que incluem os pontos fortes de cada cliente e os seus aspectos a melhorar.<\/p>","protected":false},"excerpt":{"rendered":"<p>FORMAMOS OS NOSSOS CLIENTESApoiamos permanentemente os nossos clientes oferecendo-lhes planos de crescimento pessoal, com os quais podem desenvolver soft skills espec\u00edficos e optimizar as suas t\u00e9cnicas de comunica\u00e7\u00e3o em p\u00fablico. O QUE FAZEMOS&gt; Apoio na prepara\u00e7\u00e3o de entrevistas, apresenta\u00e7\u00f5es, discursos e eventos de \u00e2mbito nacional e internacional; &gt; Defini\u00e7\u00e3o de planos de desenvolvimento pessoal, que [&hellip;]<\/p>","protected":false},"author":4,"featured_media":996,"parent":244,"menu_order":4,"comment_status":"closed","ping_status":"closed","template":"","meta":{"footnotes":""},"_links":{"self":[{"href":"https:\/\/primaveramagica.pt\/en\/wp-json\/wp\/v2\/pages\/766"}],"collection":[{"href":"https:\/\/primaveramagica.pt\/en\/wp-json\/wp\/v2\/pages"}],"about":[{"href":"https:\/\/primaveramagica.pt\/en\/wp-json\/wp\/v2\/types\/page"}],"author":[{"embeddable":true,"href":"https:\/\/primaveramagica.pt\/en\/wp-json\/wp\/v2\/users\/4"}],"replies":[{"embeddable":true,"href":"https:\/\/primaveramagica.pt\/en\/wp-json\/wp\/v2\/comments?post=766"}],"version-history":[{"count":8,"href":"https:\/\/primaveramagica.pt\/en\/wp-json\/wp\/v2\/pages\/766\/revisions"}],"predecessor-version":[{"id":997,"href":"https:\/\/primaveramagica.pt\/en\/wp-json\/wp\/v2\/pages\/766\/revisions\/997"}],"up":[{"embeddable":true,"href":"https:\/\/primaveramagica.pt\/en\/wp-json\/wp\/v2\/pages\/244"}],"wp:featuredmedia":[{"embeddable":true,"href":"https:\/\/primaveramagica.pt\/en\/wp-json\/wp\/v2\/media\/996"}],"wp:attachment":[{"href":"https:\/\/primaveramagica.pt\/en\/wp-json\/wp\/v2\/media?parent=766"}],"curies":[{"name":"wp","href":"https:\/\/api.w.org\/{rel}","templated":true}]}}