{"id":764,"date":"2023-05-16T16:19:53","date_gmt":"2023-05-16T15:19:53","guid":{"rendered":"http:\/\/primaveramagica.pt\/?page_id=764"},"modified":"2023-09-07T12:02:37","modified_gmt":"2023-09-07T11:02:37","slug":"gestao-de-crise","status":"publish","type":"page","link":"https:\/\/primaveramagica.pt\/en\/servicos\/gestao-de-crise\/","title":{"rendered":"Crisis Management"},"content":{"rendered":"<p><strong>WE PREVENT AND MINIMIZE THE NEGATIVE IMPACTS OF POTENTIAL CRISIS<\/strong><br>In the highly dynamic environment of digital platforms, the likelihood of threats to corporate reputation exponentially increases. For this reason, Primavera M\u00e1gica develops a set of prevention and crisis management strategies for most of its clients. This way, we can minimize potential negative impacts on each one's image, reducing the rapid and unexpected evolution of content. A good reputation leads to a strong relationship with Media Outlets and key stakeholders of each company.<\/p>\n\n\n\n<p><strong>WHAT WE DO<\/strong><br>&gt; Development of a Crisis Manual;<\/p>\n\n\n\n<p>&gt; Creation and establishment of a Crisis Office;<\/p>\n\n\n\n<p>&gt; Definition of procedures, hierarchies, and modes of communication;<\/p>\n\n\n\n<p>&gt; Preparation and management of institutional and informative communication distribution;<\/p>\n\n\n\n<p>&gt; Proactive and reactive management of social media, preparing necessary content whenever a crisis arises.<\/p>","protected":false},"excerpt":{"rendered":"<p>PREVENIMOS E MINIMIZAMOS OS IMPACTOS NEGATIVOS DE EVENTUAIS CRISESNo ambiente altamente din\u00e2mico das plataformas digitais, a probabilidade de surgirem amea\u00e7as \u00e0 reputa\u00e7\u00e3o corporativa aumenta exponencialmente. Por essa raz\u00e3o, a Primavera M\u00e1gica desenvolve um conjunto de estrat\u00e9gias ao n\u00edvel da preven\u00e7\u00e3o e gest\u00e3o de crise para a generalidade dos seus clientes. Desta forma, conseguimos minimizar os [&hellip;]<\/p>","protected":false},"author":4,"featured_media":993,"parent":244,"menu_order":3,"comment_status":"closed","ping_status":"closed","template":"","meta":{"footnotes":""},"_links":{"self":[{"href":"https:\/\/primaveramagica.pt\/en\/wp-json\/wp\/v2\/pages\/764"}],"collection":[{"href":"https:\/\/primaveramagica.pt\/en\/wp-json\/wp\/v2\/pages"}],"about":[{"href":"https:\/\/primaveramagica.pt\/en\/wp-json\/wp\/v2\/types\/page"}],"author":[{"embeddable":true,"href":"https:\/\/primaveramagica.pt\/en\/wp-json\/wp\/v2\/users\/4"}],"replies":[{"embeddable":true,"href":"https:\/\/primaveramagica.pt\/en\/wp-json\/wp\/v2\/comments?post=764"}],"version-history":[{"count":8,"href":"https:\/\/primaveramagica.pt\/en\/wp-json\/wp\/v2\/pages\/764\/revisions"}],"predecessor-version":[{"id":992,"href":"https:\/\/primaveramagica.pt\/en\/wp-json\/wp\/v2\/pages\/764\/revisions\/992"}],"up":[{"embeddable":true,"href":"https:\/\/primaveramagica.pt\/en\/wp-json\/wp\/v2\/pages\/244"}],"wp:featuredmedia":[{"embeddable":true,"href":"https:\/\/primaveramagica.pt\/en\/wp-json\/wp\/v2\/media\/993"}],"wp:attachment":[{"href":"https:\/\/primaveramagica.pt\/en\/wp-json\/wp\/v2\/media?parent=764"}],"curies":[{"name":"wp","href":"https:\/\/api.w.org\/{rel}","templated":true}]}}