{"id":761,"date":"2023-05-16T16:16:11","date_gmt":"2023-05-16T15:16:11","guid":{"rendered":"http:\/\/primaveramagica.pt\/?page_id=761"},"modified":"2023-09-07T11:59:50","modified_gmt":"2023-09-07T10:59:50","slug":"assessoria-de-imprensa","status":"publish","type":"page","link":"https:\/\/primaveramagica.pt\/en\/servicos\/assessoria-de-imprensa\/","title":{"rendered":"Public Relations &amp; Press Advisory"},"content":{"rendered":"<p><strong>WE MASTER THE CURRENT JOURNALISTIC ENVIRONMENT<\/strong><br>Due to their extensive experience, our consultants are well acquainted with the ethical code, needs, and current priorities of journalists. They can therefore more easily convey our clients' messages and create media space for them - always with respect and transparency.<\/p>\n\n\n\n<p><strong>WHAT WE DO<\/strong><br>&gt; Contact with the Media, namely with journalists from generalist, economic and sectoral publications at national, regional and international level.<\/p>\n\n\n\n<p>&gt; Preparation of press kits and press releases;<\/p>\n\n\n\n<p>&gt; Organization of press conferences, negotiation, and interview support;<\/p>\n\n\n\n<p>&gt; Promotion of informal meetings with journalists and other stakeholders;<\/p>\n\n\n\n<p>&gt; Prompt responses to media requests;<\/p>\n\n\n\n<p>&gt; Preparation of reports on clients' current presence, competition, and industry in the media (monitoring and clipping);<\/p>\n\n\n\n<p>&gt; Establishing close relationships with different target audiences of the clients.<\/p>","protected":false},"excerpt":{"rendered":"<p>DOMINAMOS O ACTUAL AMBIENTE JORNAL\u00cdSTICOPela sua vasta experi\u00eancia, os nossos consultores conhecem bem o c\u00f3digo de \u00e9tica, as necessidades e as prioridades actuais dos jornalistas. Conseguem, por isso, transmitir com maior facilidade as mensagens dos nossos clientes e criar espa\u00e7o medi\u00e1tico para as mesmas &#8211; sempre com respeito e transpar\u00eancia. O QUE FAZEMOS&gt; Contacto com [&hellip;]<\/p>","protected":false},"author":4,"featured_media":990,"parent":244,"menu_order":2,"comment_status":"closed","ping_status":"closed","template":"","meta":{"footnotes":""},"_links":{"self":[{"href":"https:\/\/primaveramagica.pt\/en\/wp-json\/wp\/v2\/pages\/761"}],"collection":[{"href":"https:\/\/primaveramagica.pt\/en\/wp-json\/wp\/v2\/pages"}],"about":[{"href":"https:\/\/primaveramagica.pt\/en\/wp-json\/wp\/v2\/types\/page"}],"author":[{"embeddable":true,"href":"https:\/\/primaveramagica.pt\/en\/wp-json\/wp\/v2\/users\/4"}],"replies":[{"embeddable":true,"href":"https:\/\/primaveramagica.pt\/en\/wp-json\/wp\/v2\/comments?post=761"}],"version-history":[{"count":6,"href":"https:\/\/primaveramagica.pt\/en\/wp-json\/wp\/v2\/pages\/761\/revisions"}],"predecessor-version":[{"id":991,"href":"https:\/\/primaveramagica.pt\/en\/wp-json\/wp\/v2\/pages\/761\/revisions\/991"}],"up":[{"embeddable":true,"href":"https:\/\/primaveramagica.pt\/en\/wp-json\/wp\/v2\/pages\/244"}],"wp:featuredmedia":[{"embeddable":true,"href":"https:\/\/primaveramagica.pt\/en\/wp-json\/wp\/v2\/media\/990"}],"wp:attachment":[{"href":"https:\/\/primaveramagica.pt\/en\/wp-json\/wp\/v2\/media?parent=761"}],"curies":[{"name":"wp","href":"https:\/\/api.w.org\/{rel}","templated":true}]}}