{"id":751,"date":"2023-05-16T16:07:32","date_gmt":"2023-05-16T15:07:32","guid":{"rendered":"http:\/\/primaveramagica.pt\/?page_id=751"},"modified":"2023-09-07T11:57:02","modified_gmt":"2023-09-07T10:57:02","slug":"consultoria","status":"publish","type":"page","link":"https:\/\/primaveramagica.pt\/en\/servicos\/consultoria\/","title":{"rendered":"Consultancy"},"content":{"rendered":"<p><strong>WE STRATEGICALLY ADVISE OUR CLIENTS<\/strong><br>At Primavera M\u00e1gica, we believe that communication serves to help clients achieve their goals. That's why we support them daily in achieving those same goals, through advice and the development of communication strategies that contribute to increasing their visibility among stakeholders and the general public.<\/p>\n\n\n\n<p>Our team consists of specialized professionals with extensive experience in the field of Strategic Business Communication. Our clients include some of the most relevant companies and institutions in Portugal and Angola.<\/p>\n\n\n\n<p><strong>WHAT WE DO<\/strong><br>&gt; Strategic advice in all areas of communication that may have an impact on the client's image, reputation and positioning.<\/p>\n\n\n\n<p>&gt; Implementation of actions and events that contribute to an improved client image among the targeted public.<\/p>","protected":false},"excerpt":{"rendered":"<p>ACONSELHAMOS ESTRATEGICAMENTE OS NOSSOS CLIENTESNa Primavera M\u00e1gica, acreditamos que a comunica\u00e7\u00e3o serve para ajudar os clientes a atingirem os seus objectivos. Por isso os apoiamos diariamente na concretiza\u00e7\u00e3o desses mesmos objectivos, atrav\u00e9s do aconselhamento e do desenvolvimento de estrat\u00e9gias comunicacionais que contribuam para o aumento da sua visibilidade junto dos seus stakeholders e da opini\u00e3o [&hellip;]<\/p>","protected":false},"author":4,"featured_media":987,"parent":244,"menu_order":1,"comment_status":"closed","ping_status":"closed","template":"","meta":{"footnotes":""},"_links":{"self":[{"href":"https:\/\/primaveramagica.pt\/en\/wp-json\/wp\/v2\/pages\/751"}],"collection":[{"href":"https:\/\/primaveramagica.pt\/en\/wp-json\/wp\/v2\/pages"}],"about":[{"href":"https:\/\/primaveramagica.pt\/en\/wp-json\/wp\/v2\/types\/page"}],"author":[{"embeddable":true,"href":"https:\/\/primaveramagica.pt\/en\/wp-json\/wp\/v2\/users\/4"}],"replies":[{"embeddable":true,"href":"https:\/\/primaveramagica.pt\/en\/wp-json\/wp\/v2\/comments?post=751"}],"version-history":[{"count":15,"href":"https:\/\/primaveramagica.pt\/en\/wp-json\/wp\/v2\/pages\/751\/revisions"}],"predecessor-version":[{"id":989,"href":"https:\/\/primaveramagica.pt\/en\/wp-json\/wp\/v2\/pages\/751\/revisions\/989"}],"up":[{"embeddable":true,"href":"https:\/\/primaveramagica.pt\/en\/wp-json\/wp\/v2\/pages\/244"}],"wp:featuredmedia":[{"embeddable":true,"href":"https:\/\/primaveramagica.pt\/en\/wp-json\/wp\/v2\/media\/987"}],"wp:attachment":[{"href":"https:\/\/primaveramagica.pt\/en\/wp-json\/wp\/v2\/media?parent=751"}],"curies":[{"name":"wp","href":"https:\/\/api.w.org\/{rel}","templated":true}]}}