{"id":687,"date":"2023-05-13T20:38:20","date_gmt":"2023-05-13T19:38:20","guid":{"rendered":"http:\/\/primaveramagica.pt\/?page_id=687"},"modified":"2023-09-07T10:16:27","modified_gmt":"2023-09-07T09:16:27","slug":"sobre-nos","status":"publish","type":"page","link":"https:\/\/primaveramagica.pt\/en\/sobre-nos\/","title":{"rendered":"About Us"},"content":{"rendered":"<p>Primavera M\u00e1gica was born with the goal of offering specialized, positioned, and preventive solutions in the field of Business and Institutional Communication. Our consultants focus daily on creating differentiated and high-quality value for clients, after analyzing the internal assets of each company.<\/p>\n\n\n\n<p>We are an expert Consultancy in Reputation and Crisis Management. We create and reinforce our clients' positioning with their stakeholders, and we prevent and manage their crises, focusing on the following pillars:<\/p>\n\n\n\n<p><strong>&gt; MULTIDISCIPLINARITY<\/strong><br>We believe that the use of diverse strategies enhances the perception and positioning of companies with their target audiences. Hence, we use techniques from both Institutional Communication and Public Relations, as well as Digital Communication, Marketing, and Advertising.<\/p>\n\n\n\n<p><strong>&gt; GLOBAL VIEW<\/strong><br>Given the skills and experience of our professionals, we are able to assess each client's situations comprehensively, easily presenting them with strategic possibilities for their accurate positioning and more effective solutions for prevention and crisis management.<\/p>\n\n\n\n<p><strong>&gt; TRANSPARENCY WITH STAKEHOLDERS<\/strong><br>Since we understand Communication as an essential support in achieving each client's objectives, we seek to promote a professional and transparent relationship with all their stakeholders and counteract potential adverse scenarios.<\/p>\n\n\n\n<p><strong>&gt; STRONG AND LASTING RELATIONSHIPS<\/strong><br>We consider that the strength of people is the magic antidote for work to be well executed and within the right timing, which is why we are a brand that preserves and values the skills of each team member. By taking care of our people, we can also build strong and lasting relationships with our clients.<\/p>","protected":false},"excerpt":{"rendered":"<p>A Primavera M\u00e1gica nasceu com o objectivo de oferecer solu\u00e7\u00f5es especializadas, posicionadas e preventivas no mercado da Comunica\u00e7\u00e3o Empresarial e Institucional. Os nossos consultores focam-se diariamente na cria\u00e7\u00e3o de valor diferenciado e de qualidade para os&nbsp; clientes, ap\u00f3s analisarem os activos internos de cada empresa. Somos uma consultora especialista em gest\u00e3o de reputa\u00e7\u00e3o e de [&hellip;]<\/p>","protected":false},"author":1,"featured_media":739,"parent":0,"menu_order":0,"comment_status":"closed","ping_status":"closed","template":"","meta":{"footnotes":""},"_links":{"self":[{"href":"https:\/\/primaveramagica.pt\/en\/wp-json\/wp\/v2\/pages\/687"}],"collection":[{"href":"https:\/\/primaveramagica.pt\/en\/wp-json\/wp\/v2\/pages"}],"about":[{"href":"https:\/\/primaveramagica.pt\/en\/wp-json\/wp\/v2\/types\/page"}],"author":[{"embeddable":true,"href":"https:\/\/primaveramagica.pt\/en\/wp-json\/wp\/v2\/users\/1"}],"replies":[{"embeddable":true,"href":"https:\/\/primaveramagica.pt\/en\/wp-json\/wp\/v2\/comments?post=687"}],"version-history":[{"count":24,"href":"https:\/\/primaveramagica.pt\/en\/wp-json\/wp\/v2\/pages\/687\/revisions"}],"predecessor-version":[{"id":953,"href":"https:\/\/primaveramagica.pt\/en\/wp-json\/wp\/v2\/pages\/687\/revisions\/953"}],"wp:featuredmedia":[{"embeddable":true,"href":"https:\/\/primaveramagica.pt\/en\/wp-json\/wp\/v2\/media\/739"}],"wp:attachment":[{"href":"https:\/\/primaveramagica.pt\/en\/wp-json\/wp\/v2\/media?parent=687"}],"curies":[{"name":"wp","href":"https:\/\/api.w.org\/{rel}","templated":true}]}}