{"id":244,"date":"2021-12-01T17:06:03","date_gmt":"2021-12-01T17:06:03","guid":{"rendered":"http:\/\/primaveramagica.pt\/?page_id=244"},"modified":"2023-09-07T12:18:26","modified_gmt":"2023-09-07T11:18:26","slug":"servicos","status":"publish","type":"page","link":"https:\/\/primaveramagica.pt\/en\/servicos\/","title":{"rendered":"Our Services"},"content":{"rendered":"<p class=\"has-text-color\" style=\"color:#707070\"><\/p>\n\n\n\n<div class=\"wp-block-columns pag-atuacao is-layout-flex wp-container-7 wp-block-columns-is-layout-flex\">\n<div class=\"wp-block-column is-layout-flow wp-block-column-is-layout-flow\" style=\"flex-basis:40%\">\n<div class=\"wp-block-cover is-light\" style=\"min-height:212px\"><span aria-hidden=\"true\" class=\"wp-block-cover__background has-background-dim\"><\/span><img decoding=\"async\" loading=\"lazy\" width=\"330\" height=\"336\" class=\"wp-block-cover__image-background wp-image-941\" alt=\"\" src=\"http:\/\/primaveramagica.pt\/wp-content\/uploads\/2023\/05\/slide-servicos-1.jpg\" style=\"object-position:47% 38%\" data-object-fit=\"cover\" data-object-position=\"47% 38%\" srcset=\"https:\/\/primaveramagica.pt\/wp-content\/uploads\/2023\/05\/slide-servicos-1.jpg 330w, https:\/\/primaveramagica.pt\/wp-content\/uploads\/2023\/05\/slide-servicos-1-295x300.jpg 295w, https:\/\/primaveramagica.pt\/wp-content\/uploads\/2023\/05\/slide-servicos-1-12x12.jpg 12w\" sizes=\"(max-width: 330px) 100vw, 330px\" \/><div class=\"wp-block-cover__inner-container is-layout-flow wp-block-cover-is-layout-flow\">\n<p class=\"has-text-align-left has-medium-font-size\">Strategic Communication Consulting<\/p>\n<\/div><\/div>\n\n\n\n<p><\/p>\n<\/div>\n\n\n\n<div class=\"wp-block-column padding-top-1 is-layout-flow wp-block-column-is-layout-flow\" style=\"flex-basis:60%\">\n<p>We advise our clients and develop campaigns that contribute to increasing their visibility among the general public and their stakeholders.<\/p>\n\n\n\n<div class=\"wp-block-columns is-layout-flex wp-container-5 wp-block-columns-is-layout-flex\">\n<div class=\"wp-block-column area-atuacao-list is-layout-flow wp-block-column-is-layout-flow\">\n<ul>\n<li><a href=\"https:\/\/primaveramagica.pt\/en\/servicos\/consultoria\/\">View more<\/a><\/li>\n<\/ul>\n<\/div>\n\n\n\n<div class=\"wp-block-column is-layout-flow wp-block-column-is-layout-flow\"><\/div>\n<\/div>\n<\/div>\n<\/div>\n\n\n\n<div class=\"wp-block-columns pag-atuacao is-layout-flex wp-container-14 wp-block-columns-is-layout-flex\">\n<div class=\"wp-block-column is-layout-flow wp-block-column-is-layout-flow\" style=\"flex-basis:40%\">\n<div class=\"wp-block-cover is-light\" style=\"min-height:228px\"><span aria-hidden=\"true\" class=\"wp-block-cover__background has-background-dim\"><\/span><img decoding=\"async\" loading=\"lazy\" width=\"330\" height=\"336\" class=\"wp-block-cover__image-background wp-image-942\" alt=\"\" src=\"http:\/\/primaveramagica.pt\/wp-content\/uploads\/2023\/05\/slide-servicos-2.jpg\" style=\"object-position:64% 32%\" data-object-fit=\"cover\" data-object-position=\"64% 32%\" srcset=\"https:\/\/primaveramagica.pt\/wp-content\/uploads\/2023\/05\/slide-servicos-2.jpg 330w, https:\/\/primaveramagica.pt\/wp-content\/uploads\/2023\/05\/slide-servicos-2-295x300.jpg 295w, https:\/\/primaveramagica.pt\/wp-content\/uploads\/2023\/05\/slide-servicos-2-12x12.jpg 12w\" sizes=\"(max-width: 330px) 100vw, 330px\" \/><div class=\"wp-block-cover__inner-container is-layout-flow wp-block-cover-is-layout-flow\">\n<p class=\"has-text-align-left has-medium-font-size\">Public Relations &amp; Press Advisory<\/p>\n<\/div><\/div>\n\n\n\n<p><\/p>\n<\/div>\n\n\n\n<div class=\"wp-block-column padding-top-1 is-layout-flow wp-block-column-is-layout-flow\" style=\"flex-basis:60%\">\n<p>We convey our clients' messages, taking into account media interest and the ethical code of journalists and the media to which they belong.<\/p>\n\n\n\n<div class=\"wp-block-columns is-layout-flex wp-container-12 wp-block-columns-is-layout-flex\">\n<div class=\"wp-block-column area-atuacao-list is-layout-flow wp-block-column-is-layout-flow\">\n<ul>\n<li><a href=\"https:\/\/primaveramagica.pt\/en\/servicos\/assessoria-de-imprensa\/\">View more<\/a><\/li>\n<\/ul>\n<\/div>\n\n\n\n<div class=\"wp-block-column is-layout-flow wp-block-column-is-layout-flow\"><\/div>\n<\/div>\n<\/div>\n<\/div>\n\n\n\n<div class=\"wp-block-columns pag-atuacao is-layout-flex wp-container-21 wp-block-columns-is-layout-flex\">\n<div class=\"wp-block-column is-layout-flow wp-block-column-is-layout-flow\" style=\"flex-basis:40%\">\n<div class=\"wp-block-cover\" style=\"min-height:228px\"><span aria-hidden=\"true\" class=\"wp-block-cover__background has-background-dim\"><\/span><img decoding=\"async\" loading=\"lazy\" width=\"438\" height=\"270\" class=\"wp-block-cover__image-background wp-image-684\" alt=\"\" src=\"http:\/\/primaveramagica.pt\/wp-content\/uploads\/2023\/05\/page-servico-outros.png\" data-object-fit=\"cover\" srcset=\"https:\/\/primaveramagica.pt\/wp-content\/uploads\/2023\/05\/page-servico-outros.png 438w, https:\/\/primaveramagica.pt\/wp-content\/uploads\/2023\/05\/page-servico-outros-300x185.png 300w, https:\/\/primaveramagica.pt\/wp-content\/uploads\/2023\/05\/page-servico-outros-18x12.png 18w, https:\/\/primaveramagica.pt\/wp-content\/uploads\/2023\/05\/page-servico-outros-416x256.png 416w\" sizes=\"(max-width: 438px) 100vw, 438px\" \/><div class=\"wp-block-cover__inner-container is-layout-flow wp-block-cover-is-layout-flow\">\n<p class=\"has-text-align-left has-medium-font-size\">Crisis Management<\/p>\n<\/div><\/div>\n\n\n\n<p><\/p>\n<\/div>\n\n\n\n<div class=\"wp-block-column padding-top-1 is-layout-flow wp-block-column-is-layout-flow\" style=\"flex-basis:60%\">\n<p>We develop strategies to minimize negative impacts on our clients' image and to emphasize their relationship with the media and key stakeholders.<\/p>\n\n\n\n<div class=\"wp-block-columns is-layout-flex wp-container-19 wp-block-columns-is-layout-flex\">\n<div class=\"wp-block-column area-atuacao-list is-layout-flow wp-block-column-is-layout-flow\">\n<ul>\n<li><a href=\"https:\/\/primaveramagica.pt\/en\/servicos\/gestao-de-crise\/\">View more<\/a><\/li>\n<\/ul>\n<\/div>\n\n\n\n<div class=\"wp-block-column is-layout-flow wp-block-column-is-layout-flow\"><\/div>\n<\/div>\n<\/div>\n<\/div>\n\n\n\n<div class=\"wp-block-columns pag-atuacao is-layout-flex wp-container-28 wp-block-columns-is-layout-flex\">\n<div class=\"wp-block-column is-layout-flow wp-block-column-is-layout-flow\" style=\"flex-basis:40%\">\n<div class=\"wp-block-cover is-light\" style=\"min-height:228px\"><span aria-hidden=\"true\" class=\"wp-block-cover__background has-background-dim\"><\/span><img decoding=\"async\" loading=\"lazy\" width=\"330\" height=\"336\" class=\"wp-block-cover__image-background wp-image-943\" alt=\"\" src=\"http:\/\/primaveramagica.pt\/wp-content\/uploads\/2023\/05\/slide-servicos-3.jpg\" style=\"object-position:41% 22%\" data-object-fit=\"cover\" data-object-position=\"41% 22%\" srcset=\"https:\/\/primaveramagica.pt\/wp-content\/uploads\/2023\/05\/slide-servicos-3.jpg 330w, https:\/\/primaveramagica.pt\/wp-content\/uploads\/2023\/05\/slide-servicos-3-295x300.jpg 295w, https:\/\/primaveramagica.pt\/wp-content\/uploads\/2023\/05\/slide-servicos-3-12x12.jpg 12w\" sizes=\"(max-width: 330px) 100vw, 330px\" \/><div class=\"wp-block-cover__inner-container is-layout-flow wp-block-cover-is-layout-flow\">\n<p class=\"has-text-align-left has-medium-font-size\">Media Training<\/p>\n<\/div><\/div>\n\n\n\n<p><\/p>\n<\/div>\n\n\n\n<div class=\"wp-block-column padding-top-1 is-layout-flow wp-block-column-is-layout-flow\" style=\"flex-basis:60%\">\n<p>We promote the personal growth of our clients through the development of soft skills and various techniques for public communication.<\/p>\n\n\n\n<div class=\"wp-block-columns is-layout-flex wp-container-26 wp-block-columns-is-layout-flex\">\n<div class=\"wp-block-column area-atuacao-list is-layout-flow wp-block-column-is-layout-flow\">\n<ul>\n<li><a href=\"https:\/\/primaveramagica.pt\/en\/servicos\/coaching-media-training-public-speaking\/\">View more<\/a><\/li>\n<\/ul>\n<\/div>\n\n\n\n<div class=\"wp-block-column is-layout-flow wp-block-column-is-layout-flow\"><\/div>\n<\/div>\n<\/div>\n<\/div>\n\n\n\n<p><\/p>","protected":false},"excerpt":{"rendered":"<p>Aconselhamos os nossos clientes e desenvolvemos campanhas que contribuem para o aumento da sua visibilidade junto do p\u00fablico em geral e dos seus stakeholders. Transmitimos as mensagens de cada cliente, tendo em conta o interesse medi\u00e1tico e o c\u00f3digo de \u00e9tica dos jornalistas e dos meios a que pertencem. Desenvolvemos estrat\u00e9gias para minimizar os impactos [&hellip;]<\/p>","protected":false},"author":1,"featured_media":0,"parent":0,"menu_order":0,"comment_status":"closed","ping_status":"closed","template":"","meta":{"footnotes":""},"_links":{"self":[{"href":"https:\/\/primaveramagica.pt\/en\/wp-json\/wp\/v2\/pages\/244"}],"collection":[{"href":"https:\/\/primaveramagica.pt\/en\/wp-json\/wp\/v2\/pages"}],"about":[{"href":"https:\/\/primaveramagica.pt\/en\/wp-json\/wp\/v2\/types\/page"}],"author":[{"embeddable":true,"href":"https:\/\/primaveramagica.pt\/en\/wp-json\/wp\/v2\/users\/1"}],"replies":[{"embeddable":true,"href":"https:\/\/primaveramagica.pt\/en\/wp-json\/wp\/v2\/comments?post=244"}],"version-history":[{"count":66,"href":"https:\/\/primaveramagica.pt\/en\/wp-json\/wp\/v2\/pages\/244\/revisions"}],"predecessor-version":[{"id":998,"href":"https:\/\/primaveramagica.pt\/en\/wp-json\/wp\/v2\/pages\/244\/revisions\/998"}],"wp:attachment":[{"href":"https:\/\/primaveramagica.pt\/en\/wp-json\/wp\/v2\/media?parent=244"}],"curies":[{"name":"wp","href":"https:\/\/api.w.org\/{rel}","templated":true}]}}