{"id":18,"date":"2021-10-30T15:21:09","date_gmt":"2021-10-30T18:21:09","guid":{"rendered":"http:\/\/primaveramagica.pt\/?page_id=18"},"modified":"2023-09-07T10:08:52","modified_gmt":"2023-09-07T09:08:52","slug":"contactos","status":"publish","type":"page","link":"https:\/\/primaveramagica.pt\/en\/contactos\/","title":{"rendered":"Contacts"},"content":{"rendered":"<div class=\"wp-block-columns is-layout-flex wp-container-3 wp-block-columns-is-layout-flex\">\n<div class=\"wp-block-column is-layout-flow wp-block-column-is-layout-flow\">\n<p class=\"has-text-color\" style=\"color:#707070\">Leave us a message and we will contact you as soon as possible.<\/p>\n\n\n\n<div class=\"wpcf7 no-js\" id=\"wpcf7-f68-o1\" lang=\"pt-PT\" dir=\"ltr\">\n<div class=\"screen-reader-response\"><p role=\"status\" aria-live=\"polite\" aria-atomic=\"true\"><\/p> <ul><\/ul><\/div>\n<form action=\"\/en\/wp-json\/wp\/v2\/pages\/18#wpcf7-f68-o1\" method=\"post\" class=\"wpcf7-form init\" aria-label=\"Formul\u00e1rio de contacto\" novalidate=\"novalidate\" data-status=\"init\" data-trp-original-action=\"\/en\/wp-json\/wp\/v2\/pages\/18#wpcf7-f68-o1\">\n<div style=\"display: none;\">\n<input type=\"hidden\" name=\"_wpcf7\" value=\"68\" \/>\n<input type=\"hidden\" name=\"_wpcf7_version\" value=\"5.8\" \/>\n<input type=\"hidden\" name=\"_wpcf7_locale\" value=\"pt_PT\" \/>\n<input type=\"hidden\" name=\"_wpcf7_unit_tag\" value=\"wpcf7-f68-o1\" \/>\n<input type=\"hidden\" name=\"_wpcf7_container_post\" value=\"0\" \/>\n<input type=\"hidden\" name=\"_wpcf7_posted_data_hash\" value=\"\" \/>\n<\/div>\n<p><label> Name<br \/>\n<span class=\"wpcf7-form-control-wrap\" data-name=\"your-name\"><input size=\"60\" class=\"wpcf7-form-control wpcf7-text wpcf7-validates-as-required\" aria-required=\"true\" aria-invalid=\"false\" value=\"\" type=\"text\" name=\"your-name\" \/><\/span> <\/label>\n<\/p>\n<p><label> E-mail<br \/>\n<span class=\"wpcf7-form-control-wrap\" data-name=\"your-email\"><input size=\"60\" class=\"wpcf7-form-control wpcf7-email wpcf7-validates-as-required wpcf7-text wpcf7-validates-as-email\" aria-required=\"true\" aria-invalid=\"false\" value=\"\" type=\"email\" name=\"your-email\" \/><\/span> <\/label>\n<\/p>\n<p><label> I am interested in the service<br \/>\n<span class=\"wpcf7-form-control-wrap\" data-name=\"servico\"><select class=\"wpcf7-form-control wpcf7-select wpcf7-validates-as-required\" aria-required=\"true\" aria-invalid=\"false\" name=\"servico\"><option value=\"Consultoria Estrat\u00e9gica de Comunica\u00e7\u00e3o\">Strategic Communication Consulting<\/option><option value=\"Assessoria de Imprensa\">Public Relations &amp; Press Advisory<\/option><option value=\"Gest\u00e3o de Crise\">Crisis Management<\/option><option value=\"Coaching\">Coaching<\/option><option value=\"Media Training\">Media Training<\/option><option value=\"Public Speaking\">Public Speaking<\/option><option value=\"Outro - Especifique na mensagem\">Outro - Especifique na mensagem<\/option><\/select><\/span><br \/>\n<\/label>\n<\/p>\n<p><label> Message<br \/>\n<span class=\"wpcf7-form-control-wrap\" data-name=\"your-message\"><textarea cols=\"40\" rows=\"10\" class=\"wpcf7-form-control wpcf7-textarea wpcf7-validates-as-required\" aria-required=\"true\" aria-invalid=\"false\" name=\"your-message\"><\/textarea><\/span> <\/label>\n<\/p>\n<p><input class=\"wpcf7-form-control wpcf7-submit has-spinner\" type=\"submit\" value=\"Send\" \/>\n<\/p><div class=\"wpcf7-response-output\" aria-hidden=\"true\"><\/div>\n<input type=\"hidden\" name=\"trp-form-language\" value=\"en\"\/><\/form>\n<\/div>\n\n<\/div>\n\n\n\n<div class=\"wp-block-column is-layout-flow wp-block-column-is-layout-flow\">\n<figure class=\"wp-block-image size-large img-contact\"><img decoding=\"async\" loading=\"lazy\" width=\"683\" height=\"1024\" src=\"http:\/\/primaveramagica.pt\/wp-content\/uploads\/2023\/07\/contactos-pm-683x1024.jpg\" alt=\"\" class=\"wp-image-871\" srcset=\"https:\/\/primaveramagica.pt\/wp-content\/uploads\/2023\/07\/contactos-pm-683x1024.jpg 683w, https:\/\/primaveramagica.pt\/wp-content\/uploads\/2023\/07\/contactos-pm-200x300.jpg 200w, https:\/\/primaveramagica.pt\/wp-content\/uploads\/2023\/07\/contactos-pm-768x1152.jpg 768w, https:\/\/primaveramagica.pt\/wp-content\/uploads\/2023\/07\/contactos-pm-1024x1536.jpg 1024w, https:\/\/primaveramagica.pt\/wp-content\/uploads\/2023\/07\/contactos-pm-1365x2048.jpg 1365w, https:\/\/primaveramagica.pt\/wp-content\/uploads\/2023\/07\/contactos-pm-8x12.jpg 8w, https:\/\/primaveramagica.pt\/wp-content\/uploads\/2023\/07\/contactos-pm-416x624.jpg 416w, https:\/\/primaveramagica.pt\/wp-content\/uploads\/2023\/07\/contactos-pm-scaled.jpg 1707w\" sizes=\"(max-width: 683px) 100vw, 683px\" \/><\/figure>\n<\/div>\n<\/div>\n\n\n\n<hr class=\"wp-block-separator has-css-opacity is-style-wide\"\/>\n\n\n\n<div class=\"wp-block-columns is-layout-flex wp-container-15 wp-block-columns-is-layout-flex\">\n<div class=\"wp-block-column is-layout-flow wp-block-column-is-layout-flow\" style=\"flex-basis:300px\">\n<h4 class=\"wp-block-heading\">Primavera M\u00e1gica, Lda.<\/h4>\n\n\n\n<div style=\"height:30px\" aria-hidden=\"true\" class=\"wp-block-spacer\"><\/div>\n\n\n\n<div class=\"wp-block-columns sem-margem-infeior is-layout-flex wp-container-6 wp-block-columns-is-layout-flex\">\n<div class=\"wp-block-column sem-margem-infeior cotacto-info-icon is-layout-flow wp-block-column-is-layout-flow\" style=\"flex-basis:35px\">\n<figure class=\"wp-block-image size-full\"><a href=\"mailto:geral@primaveramagica.pt\"><img decoding=\"async\" loading=\"lazy\" width=\"20\" height=\"16\" src=\"http:\/\/primaveramagica.pt\/wp-content\/uploads\/2023\/05\/Vector-1.png\" alt=\"\" class=\"wp-image-817\" srcset=\"https:\/\/primaveramagica.pt\/wp-content\/uploads\/2023\/05\/Vector-1.png 20w, https:\/\/primaveramagica.pt\/wp-content\/uploads\/2023\/05\/Vector-1-15x12.png 15w\" sizes=\"(max-width: 20px) 100vw, 20px\" \/><\/a><\/figure>\n<\/div>\n\n\n\n<div class=\"wp-block-column sem-margem-infeior cotacto-info-descricao is-layout-flow wp-block-column-is-layout-flow\" style=\"flex-basis:82%\">\n<p class=\"has-text-color has-small-font-size\" style=\"color:#3d4043\">geral@primaveramagica.pt<\/p>\n<\/div>\n<\/div>\n\n\n\n<div class=\"wp-block-columns sem-margem-infeior is-layout-flex wp-container-9 wp-block-columns-is-layout-flex\">\n<div class=\"wp-block-column sem-margem-infeior cotacto-info-icon is-layout-flow wp-block-column-is-layout-flow\" style=\"flex-basis:35px\">\n<figure class=\"wp-block-image size-full\"><a href=\"tel: 5571999999999\"><img decoding=\"async\" loading=\"lazy\" width=\"18\" height=\"18\" src=\"http:\/\/primaveramagica.pt\/wp-content\/uploads\/2023\/05\/Vector-1-1.png\" alt=\"\" class=\"wp-image-818\" srcset=\"https:\/\/primaveramagica.pt\/wp-content\/uploads\/2023\/05\/Vector-1-1.png 18w, https:\/\/primaveramagica.pt\/wp-content\/uploads\/2023\/05\/Vector-1-1-12x12.png 12w\" sizes=\"(max-width: 18px) 100vw, 18px\" \/><\/a><\/figure>\n<\/div>\n\n\n\n<div class=\"wp-block-column sem-margem-infeior cotacto-info-descricao is-layout-flow wp-block-column-is-layout-flow\">\n<p class=\"has-text-color has-small-font-size\" style=\"color:#3d4043\">PT: +351 935 884 326<br>AO: +244 921 888 105<\/p>\n<\/div>\n<\/div>\n\n\n\n<div class=\"wp-block-columns sem-margem-infeior is-layout-flex wp-container-12 wp-block-columns-is-layout-flex\">\n<div class=\"wp-block-column sem-margem-infeior cotacto-info-icon is-layout-flow wp-block-column-is-layout-flow\" style=\"flex-basis:35px\">\n<figure class=\"wp-block-image size-full\"><a href=\"https:\/\/whats.link\/primaveramagica\"><img decoding=\"async\" loading=\"lazy\" width=\"24\" height=\"24\" src=\"http:\/\/primaveramagica.pt\/wp-content\/uploads\/2023\/05\/whatsapp-icon.png\" alt=\"\u00edcone WhatsApp\" class=\"wp-image-675\" srcset=\"https:\/\/primaveramagica.pt\/wp-content\/uploads\/2023\/05\/whatsapp-icon.png 24w, https:\/\/primaveramagica.pt\/wp-content\/uploads\/2023\/05\/whatsapp-icon-12x12.png 12w\" sizes=\"(max-width: 24px) 100vw, 24px\" \/><\/a><\/figure>\n<\/div>\n\n\n\n<div class=\"wp-block-column sem-margem-infeior cotacto-info-descricao is-layout-flow wp-block-column-is-layout-flow\">\n<p class=\"has-text-color has-small-font-size\" style=\"color:#3d4043\">+351 935 884 326<br>(Portuguese number only) <\/p>\n<\/div>\n<\/div>\n<\/div>\n\n\n\n<div class=\"wp-block-column is-layout-flow wp-block-column-is-layout-flow\">\n<div style=\"text-align: right\">\n<iframe src=\"https:\/\/www.google.com\/maps\/embed?pb=!1m18!1m12!1m3!1d949.3961683647779!2d-9.130489452953528!3d38.72604041894068!2m3!1f0!2f0!3f0!3m2!1i1024!2i768!4f13.1!3m3!1m2!1s0xd1933919377e60f%3A0xa55aa27e76f5d79e!2sP%C3%A7.%20Ant%C3%B3nio%20Sardinha!5e1!3m2!1sen!2spt!4v1684256063105!5m2!1sen!2spt\" width=\"600\" height=\"450\" style=\"border:0;\" allowfullscreen=\"\" loading=\"lazy\" referrerpolicy=\"no-referrer-when-downgrade\"><\/iframe>\n<\/div>\n<\/div>\n<\/div>","protected":false},"excerpt":{"rendered":"<p>Deixe-nos uma mensagem e entraremos em contacto assim que poss\u00edvel. Primavera M\u00e1gica, Lda. geral@primaveramagica.pt PT: +351 935 884 326AO: +244 921 888 105 +351 935 884 326(Apenas n\u00famero portugu\u00eas)<\/p>","protected":false},"author":1,"featured_media":0,"parent":0,"menu_order":0,"comment_status":"closed","ping_status":"closed","template":"","meta":{"footnotes":""},"_links":{"self":[{"href":"https:\/\/primaveramagica.pt\/en\/wp-json\/wp\/v2\/pages\/18"}],"collection":[{"href":"https:\/\/primaveramagica.pt\/en\/wp-json\/wp\/v2\/pages"}],"about":[{"href":"https:\/\/primaveramagica.pt\/en\/wp-json\/wp\/v2\/types\/page"}],"author":[{"embeddable":true,"href":"https:\/\/primaveramagica.pt\/en\/wp-json\/wp\/v2\/users\/1"}],"replies":[{"embeddable":true,"href":"https:\/\/primaveramagica.pt\/en\/wp-json\/wp\/v2\/comments?post=18"}],"version-history":[{"count":71,"href":"https:\/\/primaveramagica.pt\/en\/wp-json\/wp\/v2\/pages\/18\/revisions"}],"predecessor-version":[{"id":949,"href":"https:\/\/primaveramagica.pt\/en\/wp-json\/wp\/v2\/pages\/18\/revisions\/949"}],"wp:attachment":[{"href":"https:\/\/primaveramagica.pt\/en\/wp-json\/wp\/v2\/media?parent=18"}],"curies":[{"name":"wp","href":"https:\/\/api.w.org\/{rel}","templated":true}]}}